{"id":1564,"date":"2020-12-03T11:29:34","date_gmt":"2020-12-03T13:29:34","guid":{"rendered":"http:\/\/sesmadeiras.com.br\/?page_id=1564"},"modified":"2024-10-04T14:09:10","modified_gmt":"2024-10-04T17:09:10","slug":"contato","status":"publish","type":"page","link":"https:\/\/sesmadeiras.com.br\/?page_id=1564","title":{"rendered":"Contato"},"content":{"rendered":"<p>[vc_row full_width=&#8221;stretch_row&#8221; css=&#8221;.vc_custom_1607014163358{padding-top: 70px !important;padding-bottom: 70px !important;}&#8221;][vc_column width=&#8221;1\/2&#8243;][vc_custom_heading text=&#8221;ENTRE EM CONTATO&#8221; font_container=&#8221;tag:h3|font_size:48px|text_align:left|line_height:52px&#8221; use_theme_fonts=&#8221;yes&#8221; el_class=&#8221;titulo&#8221;]\n<div class=\"wpcf7 no-js\" id=\"wpcf7-f1538-o1\" lang=\"pt-BR\" dir=\"ltr\">\n<div class=\"screen-reader-response\"><p role=\"status\" aria-live=\"polite\" aria-atomic=\"true\"><\/p> <ul><\/ul><\/div>\n<form action=\"\/index.php?rest_route=%2Fwp%2Fv2%2Fpages%2F1564#wpcf7-f1538-o1\" method=\"post\" class=\"wpcf7-form init\" aria-label=\"Formul\u00e1rios de contato\" novalidate=\"novalidate\" data-status=\"init\">\n<div style=\"display: none;\">\n<input type=\"hidden\" name=\"_wpcf7\" value=\"1538\" \/>\n<input type=\"hidden\" name=\"_wpcf7_version\" value=\"5.9\" \/>\n<input type=\"hidden\" name=\"_wpcf7_locale\" value=\"pt_BR\" \/>\n<input type=\"hidden\" name=\"_wpcf7_unit_tag\" value=\"wpcf7-f1538-o1\" \/>\n<input type=\"hidden\" name=\"_wpcf7_container_post\" value=\"0\" \/>\n<input type=\"hidden\" name=\"_wpcf7_posted_data_hash\" value=\"\" \/>\n<input type=\"hidden\" name=\"_wpcf7_recaptcha_response\" value=\"\" \/>\n<\/div>\n<div class=\"row\">\n\t<div class=\"col-md-12\">\n\t\t<p><label><span class=\"wpcf7-form-control-wrap\" data-name=\"nome\"><input size=\"40\" class=\"wpcf7-form-control wpcf7-text wpcf7-validates-as-required\" aria-required=\"true\" aria-invalid=\"false\" placeholder=\"Seu Nome\" value=\"\" type=\"text\" name=\"nome\" \/><\/span><\/label>\n\t\t<\/p>\n\t<\/div>\n\t<div class=\"col-md-12\">\n\t\t<p><label><span class=\"wpcf7-form-control-wrap\" data-name=\"email\"><input size=\"40\" class=\"wpcf7-form-control wpcf7-email wpcf7-validates-as-required wpcf7-text wpcf7-validates-as-email\" aria-required=\"true\" aria-invalid=\"false\" placeholder=\"Seu E-mail\" value=\"\" type=\"email\" name=\"email\" \/><\/span><\/label>\n\t\t<\/p>\n\t<\/div>\n\t<div class=\"col-md-12\">\n\t\t<p><label><span class=\"wpcf7-form-control-wrap\" data-name=\"telefone\"><input size=\"40\" class=\"wpcf7-form-control wpcf7-text wpcf7-validates-as-required\" aria-required=\"true\" aria-invalid=\"false\" placeholder=\"Telefone ou Whatsapp\" value=\"\" type=\"text\" name=\"telefone\" \/><\/span><\/label>\n\t\t<\/p>\n\t<\/div>\n\t<div class=\"col-md-12\">\n\t\t<p><label><span class=\"wpcf7-form-control-wrap\" data-name=\"mensagem\"><textarea cols=\"50\" rows=\"3\" class=\"wpcf7-form-control wpcf7-textarea wpcf7-validates-as-required\" aria-required=\"true\" aria-invalid=\"false\" placeholder=\"Mensagem\" name=\"mensagem\"><\/textarea><\/span><\/label>\n\t\t<\/p>\n\t<\/div>\n\t<div class=\"col-md-12\">\n\t<span class=\"wpcf7-form-control-wrap recaptcha\" data-name=\"recaptcha\"><span data-sitekey=\"6LfG_nIdAAAAAOQINNUEdGsGWjIvJ8GNTAkB2WcH\" class=\"wpcf7-form-control wpcf7-recaptcha g-recaptcha\"><\/span>\r\n<noscript>\r\n\t<div class=\"grecaptcha-noscript\">\r\n\t\t<iframe loading=\"lazy\" src=\"https:\/\/www.google.com\/recaptcha\/api\/fallback?k=6LfG_nIdAAAAAOQINNUEdGsGWjIvJ8GNTAkB2WcH\" frameborder=\"0\" scrolling=\"no\" width=\"310\" height=\"430\">\r\n\t\t<\/iframe>\r\n\t\t<textarea name=\"g-recaptcha-response\" rows=\"3\" cols=\"40\" placeholder=\"reCaptcha Response Here\">\r\n\t\t<\/textarea>\r\n\t<\/div>\r\n<\/noscript>\r\n<\/span>\n\t<\/div>\n\t<div class=\"col-md-12\">\n\t\t<p><label><input class=\"wpcf7-form-control wpcf7-submit has-spinner\" type=\"submit\" value=\"Enviar\" \/><\/label>\n\t\t<\/p>\n\t<\/div>\n<\/div><div class=\"wpcf7-response-output\" aria-hidden=\"true\"><\/div>\n<\/form>\n<\/div>\n[\/vc_column][vc_column width=&#8221;1\/2&#8243;][vc_custom_heading text=&#8221;MAIS INFORMA\u00c7\u00d5ES&#8221; font_container=&#8221;tag:h3|font_size:48px|text_align:left|line_height:52px&#8221; use_theme_fonts=&#8221;yes&#8221; el_class=&#8221;titulo&#8221;][vc_column_text el_class=&#8221;texto&#8221;]Somos refer\u00eancia local quando o assunto \u00e9<strong><a href=\"https:\/\/sesmadeiras.com.br\/\"> Produtos de Madeira em Curitiba<\/a>,<\/strong> fidelizando in\u00fameros clientes, com atendimento personalizado, <a href=\"https:\/\/web.whatsapp.com\/send?l=pt_br&amp;phone=5541999712506&amp;text=\" target=\"_blank\" rel=\"noopener\">entrega r\u00e1pida<\/a> e produtos de alt\u00edssima qualidade.[\/vc_column_text][vc_raw_html]JTNDdWwlMjBjbGFzcyUzRCUyMmluZm9ybWFjb2VzJTIyJTNFJTBBJTA5JTNDbGklM0UlMEElMDklMDklM0NkaXYlMjBjbGFzcyUzRCUyMmVzcXVlcmRhJTIyJTNFJTNDaSUyMGNsYXNzJTNEJTIyZmElMjBmYS1tYXAtbWFya2VyJTIyJTNFJTNDJTJGaSUzRSUzQyUyRmRpdiUzRSUwQSUwOSUwOSUzQ2RpdiUzRSUyMFIuJTIwTWFyYW5oJUMzJUEzbyUyQyUyMDU1NSUyMCVFMiU4MCU5MyUyMCVDMyU4MWd1YXMlMjBCZWxhcyUyMCUwQSUwOSUwOSUyMCUzQ2JyJTNFJTIwUyVDMyVBM28lMjBKb3MlQzMlQTklMjBkb3MlMjBQaW5oYWlzJTIwJUUyJTgwJTkzJTIwUFIlM0NiciUyRiUzRSUwQSUwOSUzQyUyRmRpdiUzRSUwQSUwOSUzQyUyRmxpJTNFJTBBJTA5JTNDbGklM0UlMEElMDklMDklM0NkaXYlMjBjbGFzcyUzRCUyMmVzcXVlcmRhJTIyJTNFJTNDaSUyMGNsYXNzJTNEJTIyZmElMjBmYS1lbnZlbG9wZSUyMiUzRSUzQyUyRmklM0UlM0MlMkZkaXYlM0UlMEElMDklMDklM0NkaXYlM0UlM0NhJTIwaHJlZiUzRCUyMm1haWx0byUzQXNlc21hZGVpcmFzJTQwc2VzbWFkZWlyYXMuY29tLmJyJTIyJTNFc2VzbWFkZWlyYXMlNDBzZXNtYWRlaXJhcy5jb20uYnIlM0MlMkZhJTNFJTNDJTJGZGl2JTNFJTBBJTA5JTNDJTJGbGklM0UlMEElMjAlMjAlMjAlMjAlM0NsaSUzRSUwQSUwOSUwOSUzQ2RpdiUyMGNsYXNzJTNEJTIyZXNxdWVyZGElMjIlM0UlM0NpJTIwY2xhc3MlM0QlMjJmYSUyMGZhLXBob25lJTIyJTNFJTNDJTJGaSUzRSUzQyUyRmRpdiUzRSUwQSUwOSUwOSUzQ2RpdiUzRSUzQ2ElMjBocmVmJTNEJTIydGVsJTNBMDQxMzI4MzYzNjQlMjIlM0UlMjg0MSUyOSUyMCUzQ3N0cm9uZyUyMHN0eWxlJTNEJTIyZm9udC1zaXplJTNBJTIwMjBweCUzQiUyMiUzRSUyMDMyODMtNjM2NCUzQyUyRnN0cm9uZyUzRSUzQyUyRmElM0UlM0MlMkZkaXYlM0UlMEElMDklM0MlMkZsaSUzRSUwQSUyMCUyMCUyMCUyMCUzQ2xpJTIwY2xhc3MlM0QlMjJhcGFyZWNlciUyMiUzRSUwQSUwOSUwOSUzQ2RpdiUyMGNsYXNzJTNEJTIyZXNxdWVyZGElMjIlM0UlM0NpJTIwY2xhc3MlM0QlMjJmYSUyMGZhLXdoYXRzYXBwJTIyJTNFJTNDJTJGaSUzRSUzQyUyRmRpdiUzRSUwQSUwOSUwOSUzQ2RpdiUzRSUzQ2ElMjBocmVmJTNEJTIyaHR0cHMlM0ElMkYlMkZhcGkud2hhdHNhcHAuY29tJTJGc2VuZCUzRnBob25lJTNENTU0MTk5OTcyODA1NiUyMiUzRSUyODQxJTI5JTNDc3Ryb25nJTIwc3R5bGUlM0QlMjJmb250LXNpemUlM0ElMjAyMHB4JTNCJTIyJTNFJTIwOTk5NzItODA1NiUzQyUyRnN0cm9uZyUzRSUzQyUyRmElM0UlM0NiciUzRSUzQyUyRmRpdiUzRSUwQSUwOSUzQyUyRmxpJTNFJTBBJTA5JTNDbGklMjBjbGFzcyUzRCUyMm9jdWx0YXIlMjIlM0UlMEElMDklMDklM0NkaXYlMjBjbGFzcyUzRCUyMmVzcXVlcmRhJTIyJTNFJTNDaSUyMGNsYXNzJTNEJTIyZmElMjBmYS13aGF0c2FwcCUyMiUzRSUzQyUyRmklM0UlM0MlMkZkaXYlM0UlMEElMDklMDklM0NkaXYlM0UlM0NhJTIwaHJlZiUzRCUyMmh0dHBzJTNBJTJGJTJGd2ViLndoYXRzYXBwLmNvbSUyRnNlbmQlM0ZwaG9uZSUzRDU1NDE5OTk3MjgwNTYlMjIlM0UlMjg0MSUyOSUzQ3N0cm9uZyUyMHN0eWxlJTNEJTIyZm9udC1zaXplJTNBJTIwMjBweCUzQiUyMiUzRSUyMDk5OTcyLTgwNTYlM0MlMkZzdHJvbmclM0UlM0MlMkZhJTNFJTNDYnIlM0UlM0MlMkZkaXYlM0UlMEElMDklM0MlMkZsaSUzRSUwQSUyMCUyMCUyMCUyMCUzQ2xpJTIwY2xhc3MlM0QlMjJhcGFyZWNlciUyMiUzRSUwQSUwOSUwOSUzQ2RpdiUyMGNsYXNzJTNEJTIyZXNxdWVyZGElMjIlM0UlM0NpJTIwY2xhc3MlM0QlMjJmYSUyMGZhLXdoYXRzYXBwJTIyJTNFJTNDJTJGaSUzRSUzQyUyRmRpdiUzRSUwQSUwOSUwOSUzQ2RpdiUzRSUzQ2ElMjBocmVmJTNEJTIyaHR0cHMlM0ElMkYlMkZhcGkud2hhdHNhcHAuY29tJTJGc2VuZCUzRnBob25lJTNENTU0MTk5OTcxMjUwNiUyMiUzRSUyODQxJTI5JTNDc3Ryb25nJTIwc3R5bGUlM0QlMjJmb250LXNpemUlM0ElMjAyMHB4JTNCJTIyJTNFJTIwOTk5NzEtMjUwNiUzQyUyRnN0cm9uZyUzRSUzQyUyRmElM0UlM0NiciUzRSUzQyUyRmRpdiUzRSUwQSUwOSUzQyUyRmxpJTNFJTBBJTA5JTNDbGklMjBjbGFzcyUzRCUyMm9jdWx0YXIlMjIlM0UlMEElMDklMDklM0NkaXYlMjBjbGFzcyUzRCUyMmVzcXVlcmRhJTIyJTNFJTNDaSUyMGNsYXNzJTNEJTIyZmElMjBmYS13aGF0c2FwcCUyMiUzRSUzQyUyRmklM0UlM0MlMkZkaXYlM0UlMEElMDklMDklM0NkaXYlM0UlM0NhJTIwaHJlZiUzRCUyMmh0dHBzJTNBJTJGJTJGd2ViLndoYXRzYXBwLmNvbSUyRnNlbmQlM0ZwaG9uZSUzRDU1NDE5OTk3MTI1MDYlMjIlM0UlMjg0MSUyOSUzQ3N0cm9uZyUyMHN0eWxlJTNEJTIyZm9udC1zaXplJTNBJTIwMjBweCUzQiUyMiUzRSUyMDk5OTcxLTI1MDYlM0MlMkZzdHJvbmclM0UlM0MlMkZhJTNFJTNDYnIlM0UlM0MlMkZkaXYlM0UlMEElMDklM0MlMkZsaSUzRSUwQSUzQyUyRnVsJTNF[\/vc_raw_html][\/vc_column][\/vc_row]<\/p>\n","protected":false},"excerpt":{"rendered":"<p>[vc_row full_width=&#8221;stretch_row&#8221; css=&#8221;.vc_custom_1607014163358{padding-top: 70px !important;padding-bottom: 70px !important;}&#8221;][vc_column width=&#8221;1\/2&#8243;][vc_custom_heading text=&#8221;ENTRE EM CONTATO&#8221; font_container=&#8221;tag:h3|font_size:48px|text_align:left|line_height:52px&#8221; use_theme_fonts=&#8221;yes&#8221; el_class=&#8221;titulo&#8221;][\/vc_column][vc_column width=&#8221;1\/2&#8243;][vc_custom_heading text=&#8221;MAIS INFORMA\u00c7\u00d5ES&#8221; font_container=&#8221;tag:h3|font_size:48px|text_align:left|line_height:52px&#8221; use_theme_fonts=&#8221;yes&#8221; el_class=&#8221;titulo&#8221;][vc_column_text el_class=&#8221;texto&#8221;]Somos refer\u00eancia local quando o assunto \u00e9 Produtos de Madeira em Curitiba, fidelizando in\u00fameros clientes, com atendimento personalizado, entrega r\u00e1pida e produtos de alt\u00edssima qualidade.[\/vc_column_text][vc_raw_html]JTNDdWwlMjBjbGFzcyUzRCUyMmluZm9ybWFjb2VzJTIyJTNFJTBBJTA5JTNDbGklM0UlMEElMDklMDklM0NkaXYlMjBjbGFzcyUzRCUyMmVzcXVlcmRhJTIyJTNFJTNDaSUyMGNsYXNzJTNEJTIyZmElMjBmYS1tYXAtbWFya2VyJTIyJTNFJTNDJTJGaSUzRSUzQyUyRmRpdiUzRSUwQSUwOSUwOSUzQ2RpdiUzRSUyMFIuJTIwTWFyYW5oJUMzJUEzbyUyQyUyMDU1NSUyMCVFMiU4MCU5MyUyMCVDMyU4MWd1YXMlMjBCZWxhcyUyMCUwQSUwOSUwOSUyMCUzQ2JyJTNFJTIwUyVDMyVBM28lMjBKb3MlQzMlQTklMjBkb3MlMjBQaW5oYWlzJTIwJUUyJTgwJTkzJTIwUFIlM0NiciUyRiUzRSUwQSUwOSUzQyUyRmRpdiUzRSUwQSUwOSUzQyUyRmxpJTNFJTBBJTA5JTNDbGklM0UlMEElMDklMDklM0NkaXYlMjBjbGFzcyUzRCUyMmVzcXVlcmRhJTIyJTNFJTNDaSUyMGNsYXNzJTNEJTIyZmElMjBmYS1lbnZlbG9wZSUyMiUzRSUzQyUyRmklM0UlM0MlMkZkaXYlM0UlMEElMDklMDklM0NkaXYlM0UlM0NhJTIwaHJlZiUzRCUyMm1haWx0byUzQXNlc21hZGVpcmFzJTQwc2VzbWFkZWlyYXMuY29tLmJyJTIyJTNFc2VzbWFkZWlyYXMlNDBzZXNtYWRlaXJhcy5jb20uYnIlM0MlMkZhJTNFJTNDJTJGZGl2JTNFJTBBJTA5JTNDJTJGbGklM0UlMEElMjAlMjAlMjAlMjAlM0NsaSUzRSUwQSUwOSUwOSUzQ2RpdiUyMGNsYXNzJTNEJTIyZXNxdWVyZGElMjIlM0UlM0NpJTIwY2xhc3MlM0QlMjJmYSUyMGZhLXBob25lJTIyJTNFJTNDJTJGaSUzRSUzQyUyRmRpdiUzRSUwQSUwOSUwOSUzQ2RpdiUzRSUzQ2ElMjBocmVmJTNEJTIydGVsJTNBMDQxMzI4MzYzNjQlMjIlM0UlMjg0MSUyOSUyMCUzQ3N0cm9uZyUyMHN0eWxlJTNEJTIyZm9udC1zaXplJTNBJTIwMjBweCUzQiUyMiUzRSUyMDMyODMtNjM2NCUzQyUyRnN0cm9uZyUzRSUzQyUyRmElM0UlM0MlMkZkaXYlM0UlMEElMDklM0MlMkZsaSUzRSUwQSUyMCUyMCUyMCUyMCUzQ2xpJTIwY2xhc3MlM0QlMjJhcGFyZWNlciUyMiUzRSUwQSUwOSUwOSUzQ2RpdiUyMGNsYXNzJTNEJTIyZXNxdWVyZGElMjIlM0UlM0NpJTIwY2xhc3MlM0QlMjJmYSUyMGZhLXdoYXRzYXBwJTIyJTNFJTNDJTJGaSUzRSUzQyUyRmRpdiUzRSUwQSUwOSUwOSUzQ2RpdiUzRSUzQ2ElMjBocmVmJTNEJTIyaHR0cHMlM0ElMkYlMkZhcGkud2hhdHNhcHAuY29tJTJGc2VuZCUzRnBob25lJTNENTU0MTk5OTcyODA1NiUyMiUzRSUyODQxJTI5JTNDc3Ryb25nJTIwc3R5bGUlM0QlMjJmb250LXNpemUlM0ElMjAyMHB4JTNCJTIyJTNFJTIwOTk5NzItODA1NiUzQyUyRnN0cm9uZyUzRSUzQyUyRmElM0UlM0NiciUzRSUzQyUyRmRpdiUzRSUwQSUwOSUzQyUyRmxpJTNFJTBBJTA5JTNDbGklMjBjbGFzcyUzRCUyMm9jdWx0YXIlMjIlM0UlMEElMDklMDklM0NkaXYlMjBjbGFzcyUzRCUyMmVzcXVlcmRhJTIyJTNFJTNDaSUyMGNsYXNzJTNEJTIyZmElMjBmYS13aGF0c2FwcCUyMiUzRSUzQyUyRmklM0UlM0MlMkZkaXYlM0UlMEElMDklMDklM0NkaXYlM0UlM0NhJTIwaHJlZiUzRCUyMmh0dHBzJTNBJTJGJTJGd2ViLndoYXRzYXBwLmNvbSUyRnNlbmQlM0ZwaG9uZSUzRDU1NDE5OTk3MjgwNTYlMjIlM0UlMjg0MSUyOSUzQ3N0cm9uZyUyMHN0eWxlJTNEJTIyZm9udC1zaXplJTNBJTIwMjBweCUzQiUyMiUzRSUyMDk5OTcyLTgwNTYlM0MlMkZzdHJvbmclM0UlM0MlMkZhJTNFJTNDYnIlM0UlM0MlMkZkaXYlM0UlMEElMDklM0MlMkZsaSUzRSUwQSUyMCUyMCUyMCUyMCUzQ2xpJTIwY2xhc3MlM0QlMjJhcGFyZWNlciUyMiUzRSUwQSUwOSUwOSUzQ2RpdiUyMGNsYXNzJTNEJTIyZXNxdWVyZGElMjIlM0UlM0NpJTIwY2xhc3MlM0QlMjJmYSUyMGZhLXdoYXRzYXBwJTIyJTNFJTNDJTJGaSUzRSUzQyUyRmRpdiUzRSUwQSUwOSUwOSUzQ2RpdiUzRSUzQ2ElMjBocmVmJTNEJTIyaHR0cHMlM0ElMkYlMkZhcGkud2hhdHNhcHAuY29tJTJGc2VuZCUzRnBob25lJTNENTU0MTk5OTcxMjUwNiUyMiUzRSUyODQxJTI5JTNDc3Ryb25nJTIwc3R5bGUlM0QlMjJmb250LXNpemUlM0ElMjAyMHB4JTNCJTIyJTNFJTIwOTk5NzEtMjUwNiUzQyUyRnN0cm9uZyUzRSUzQyUyRmElM0UlM0NiciUzRSUzQyUyRmRpdiUzRSUwQSUwOSUzQyUyRmxpJTNFJTBBJTA5JTNDbGklMjBjbGFzcyUzRCUyMm9jdWx0YXIlMjIlM0UlMEElMDklMDklM0NkaXYlMjBjbGFzcyUzRCUyMmVzcXVlcmRhJTIyJTNFJTNDaSUyMGNsYXNzJTNEJTIyZmElMjBmYS13aGF0c2FwcCUyMiUzRSUzQyUyRmklM0UlM0MlMkZkaXYlM0UlMEElMDklMDklM0NkaXYlM0UlM0NhJTIwaHJlZiUzRCUyMmh0dHBzJTNBJTJGJTJGd2ViLndoYXRzYXBwLmNvbSUyRnNlbmQlM0ZwaG9uZSUzRDU1NDE5OTk3MTI1MDYlMjIlM0UlMjg0MSUyOSUzQ3N0cm9uZyUyMHN0eWxlJTNEJTIyZm9udC1zaXplJTNBJTIwMjBweCUzQiUyMiUzRSUyMDk5OTcxLTI1MDYlM0MlMkZzdHJvbmclM0UlM0MlMkZhJTNFJTNDYnIlM0UlM0MlMkZkaXYlM0UlMEElMDklM0MlMkZsaSUzRSUwQSUzQyUyRnVsJTNF[\/vc_raw_html][\/vc_column][\/vc_row]<\/p>\n","protected":false},"author":4,"featured_media":2282,"parent":0,"menu_order":0,"comment_status":"closed","ping_status":"closed","template":"","meta":{"footnotes":""},"_links":{"self":[{"href":"https:\/\/sesmadeiras.com.br\/index.php?rest_route=\/wp\/v2\/pages\/1564"}],"collection":[{"href":"https:\/\/sesmadeiras.com.br\/index.php?rest_route=\/wp\/v2\/pages"}],"about":[{"href":"https:\/\/sesmadeiras.com.br\/index.php?rest_route=\/wp\/v2\/types\/page"}],"author":[{"embeddable":true,"href":"https:\/\/sesmadeiras.com.br\/index.php?rest_route=\/wp\/v2\/users\/4"}],"replies":[{"embeddable":true,"href":"https:\/\/sesmadeiras.com.br\/index.php?rest_route=%2Fwp%2Fv2%2Fcomments&post=1564"}],"version-history":[{"count":18,"href":"https:\/\/sesmadeiras.com.br\/index.php?rest_route=\/wp\/v2\/pages\/1564\/revisions"}],"predecessor-version":[{"id":3126,"href":"https:\/\/sesmadeiras.com.br\/index.php?rest_route=\/wp\/v2\/pages\/1564\/revisions\/3126"}],"wp:featuredmedia":[{"embeddable":true,"href":"https:\/\/sesmadeiras.com.br\/index.php?rest_route=\/wp\/v2\/media\/2282"}],"wp:attachment":[{"href":"https:\/\/sesmadeiras.com.br\/index.php?rest_route=%2Fwp%2Fv2%2Fmedia&parent=1564"}],"curies":[{"name":"wp","href":"https:\/\/api.w.org\/{rel}","templated":true}]}}