{"id":1602,"date":"2020-12-03T13:52:17","date_gmt":"2020-12-03T15:52:17","guid":{"rendered":"http:\/\/sesmadeiras.com.br\/?page_id=1602"},"modified":"2024-03-06T15:53:33","modified_gmt":"2024-03-06T18:53:33","slug":"empresa-de-portas-de-madeira-em-curitiba","status":"publish","type":"page","link":"https:\/\/sesmadeiras.com.br\/?page_id=1602","title":{"rendered":"Sobre N\u00f3s | Empresa de Portas de Madeira em Curitiba"},"content":{"rendered":"<p>[vc_row full_width=&#8221;stretch_row&#8221; content_placement=&#8221;middle&#8221; css=&#8221;.vc_custom_1631897395338{padding-top: 70px !important;padding-bottom: 70px !important;}&#8221;][vc_column width=&#8221;1\/2&#8243;][vc_single_image image=&#8221;2141&#8243; img_size=&#8221;full&#8221; style=&#8221;vc_box_shadow&#8221; css_animation=&#8221;fadeInDownBig&#8221;][\/vc_column][vc_column width=&#8221;1\/2&#8243;][stm_spacing xs_spacing=&#8221;30px&#8221;][vc_custom_heading text=&#8221;Empresa de Portas de Madeira em Curitiba&#8221; font_container=&#8221;tag:h2|font_size:50px|text_align:left|line_height:54px&#8221; use_theme_fonts=&#8221;yes&#8221; el_class=&#8221;titulo&#8221; css=&#8221;.vc_custom_1698765037188{margin-top: 0px !important;padding-top: 0px !important;}&#8221;][vc_custom_heading icon_size=&#8221;67&#8243; stripe_pos=&#8221;hide&#8221; text=&#8221;<mark> A SES Madeiras prima pela precis\u00e3o no acabamento de todos os produtos <\/mark>&#8221; font_container=&#8221;tag:h3|font_size:25px|text_align:left|line_height:28px&#8221; use_theme_fonts=&#8221;yes&#8221; custom_icon=&#8221;stm-check&#8221; el_class=&#8221;subtitulo&#8221;][vc_column_text el_class=&#8221;texto&#8221;]A <strong>SES Madeiras<\/strong> acumula mais de 40 anos de experi\u00eancia na fabrica\u00e7\u00e3o de portas de madeira, fachada de madeira, revestimento de madeira para parede, rodap\u00e9 de madeira e piso de madeira. Contamos com uma equipe experiente e capacitada a orientar a melhor escolha para seus projetos em madeira. Somos a Empresa de Portas de Madeira em Curitiba de confian\u00e7a e qualidade!<\/p>\n<p><strong>Temos a melhor solu\u00e7\u00e3o para sua obra. <a href=\"https:\/\/web.whatsapp.com\/send?l=pt_br&amp;phone=5541999712506&amp;text=\" target=\"_blank\" rel=\"noopener\">Consulte-nos!<\/a><\/strong>[\/vc_column_text][vc_row_inner el_class=&#8221;topo&#8221;][vc_column_inner width=&#8221;1\/2&#8243;][vc_btn title=&#8221;VER PRODUTOS&#8221; style=&#8221;flat&#8221; color=&#8221;theme_style_1&#8243; size=&#8221;lg&#8221; align=&#8221;left&#8221; i_icon_fontawesome=&#8221;stm-delhi-chevron-right&#8221; css_animation=&#8221;none&#8221; button_block=&#8221;true&#8221; add_icon=&#8221;true&#8221; css=&#8221;.vc_custom_1631898644490{margin-top: 18px !important;margin-bottom: 0px !important;}&#8221; link=&#8221;url:http%3A%2F%2Fsesmadeiras.com.br%2Fprodutos%2F|title:Produtos||&#8221;][\/vc_column_inner][vc_column_inner width=&#8221;1\/2&#8243;][stm_spacing lg_spacing=&#8221;0&#8243; md_spacing=&#8221;0&#8243; sm_spacing=&#8221;10px&#8221; xs_spacing=&#8221;10px&#8221;][vc_btn title=&#8221;WHATSAPP&#8221; style=&#8221;flat&#8221; color=&#8221;success&#8221; size=&#8221;lg&#8221; align=&#8221;left&#8221; i_icon_fontawesome=&#8221;fa fa-whatsapp&#8221; button_block=&#8221;true&#8221; add_icon=&#8221;true&#8221; css=&#8221;.vc_custom_1709736218495{margin-top: 18px !important;margin-bottom: 0px !important;}&#8221; link=&#8221;url:https%3A%2F%2Fapi.whatsapp.com%2Fsend%3Fphone%3D5541999712506|title:Whatsapp||&#8221; el_class=&#8221;btn-whatsapp-convesion&#8221;][\/vc_column_inner][\/vc_row_inner][\/vc_column][\/vc_row][vc_row full_width=&#8221;stretch_row&#8221; css=&#8221;.vc_custom_1631899296517{padding-top: 70px !important;padding-bottom: 60px !important;}&#8221; el_class=&#8221;fundo-cinza&#8221;][vc_column][vc_custom_heading text=&#8221;DIFERENCIAIS&#8221; font_container=&#8221;tag:h2|font_size:55px|text_align:center|line_height:60px&#8221; use_theme_fonts=&#8221;yes&#8221; el_class=&#8221;titulo&#8221;][vc_row_inner][vc_column_inner width=&#8221;1\/6&#8243;][\/vc_column_inner][vc_column_inner width=&#8221;2\/3&#8243;][vc_column_text]<\/p>\n<p style=\"font-size: 20px; line-height: 26px; font-weight: 400; text-align: center;\">A <a href=\"https:\/\/sesmadeiras.com.br\/\"><strong>SES Madeiras<\/strong><\/a> tem como diferencial a qualidade de todos os seus <a href=\"https:\/\/sesmadeiras.com.br\/produtos\/\">produtos e servi\u00e7os<\/a>. Por isso, trabalha apenas com profissionais constantemente capacitados e equipamentos de \u00faltima gera\u00e7\u00e3o.<\/p>\n<p>[\/vc_column_text][\/vc_column_inner][vc_column_inner width=&#8221;1\/6&#8243;][\/vc_column_inner][\/vc_row_inner][stm_spacing lg_spacing=&#8221;52&#8243; xs_spacing=&#8221;25&#8243;][vc_row_inner][vc_column_inner width=&#8221;1\/4&#8243;][stm_icon_box hide_title_line=&#8221;hide_title_line&#8221; icon=&#8221;stm-badge&#8221; icon_size=&#8221;28&#8243; icon_color=&#8221;custom&#8221; icon_bg_color=&#8221;third_bg&#8221; title=&#8221;QUALIDADE&#8221; title_font_size=&#8221;22&#8243; title_line_height=&#8221;26&#8243; icon_color_custom=&#8221;#34659d&#8221; css=&#8221;.vc_custom_1637152308260{margin-bottom: 24px !important;}&#8221;]<span style=\"color: #000000;\">A SES Madeiras \u00e9 uma empresa especializada em madeiras de qualidade.<\/span>[\/stm_icon_box][\/vc_column_inner][vc_column_inner width=&#8221;1\/4&#8243;][stm_icon_box hide_title_line=&#8221;hide_title_line&#8221; icon=&#8221;stm-mans&#8221; icon_size=&#8221;28&#8243; icon_color=&#8221;custom&#8221; icon_bg_color=&#8221;third_bg&#8221; title=&#8221;ATENDIMENTO&#8221; title_font_size=&#8221;22&#8243; title_line_height=&#8221;26&#8243; icon_color_custom=&#8221;#34659d&#8221; css=&#8221;.vc_custom_1631899920853{margin-bottom: 24px !important;}&#8221;]<span style=\"color: #000000;\">Contamos com uma equipe experiente e capacitada para prestar o melhor atendimento.<\/span>[\/stm_icon_box][\/vc_column_inner][vc_column_inner width=&#8221;1\/4&#8243;][stm_icon_box hide_title_line=&#8221;hide_title_line&#8221; icon=&#8221;fa fa-calendar-check-o&#8221; icon_size=&#8221;28&#8243; icon_color=&#8221;custom&#8221; icon_bg_color=&#8221;third_bg&#8221; title=&#8221;PONTUALIDADE&#8221; title_font_size=&#8221;22&#8243; title_line_height=&#8221;26&#8243; icon_color_custom=&#8221;#34659d&#8221; css=&#8221;.vc_custom_1631899018632{margin-bottom: 24px !important;}&#8221;]<span style=\"color: #000000;\">Pontualidade na entrega dos produtos, \u00e9 o nosso maior diferencial.<\/span>[\/stm_icon_box][\/vc_column_inner][vc_column_inner width=&#8221;1\/4&#8243;][stm_icon_box hide_title_line=&#8221;hide_title_line&#8221; icon=&#8221;fa fa-address-card&#8221; icon_size=&#8221;28&#8243; icon_color=&#8221;custom&#8221; icon_bg_color=&#8221;third_bg&#8221; title=&#8221;P\u00d3S-VENDA&#8221; title_font_size=&#8221;22&#8243; title_line_height=&#8221;26&#8243; icon_color_custom=&#8221;#34659d&#8221; css=&#8221;.vc_custom_1631899025382{margin-bottom: 24px !important;}&#8221;]<span style=\"color: #000000;\">Nosso p\u00f3s-venda \u00e9 essencial para uma boa rela\u00e7\u00e3o com nossos clientes.<\/span>[\/stm_icon_box][\/vc_column_inner][\/vc_row_inner][\/vc_column][\/vc_row][vc_row full_width=&#8221;stretch_row&#8221; css=&#8221;.vc_custom_1589293256069{margin-bottom: 0px !important;padding-top: 19px !important;padding-bottom: 20px !important;}&#8221; el_class=&#8221;third_bg_color barra&#8221;][vc_column][vc_cta h2=&#8221;EMPRESA DE PORTAS DE MADEIRA EM CURITIBA&#8221; h2_font_container=&#8221;font_size:25px|color:%23ffffff|line_height:29px&#8221; h2_use_theme_fonts=&#8221;yes&#8221; shape=&#8221;square&#8221; style=&#8221;flat&#8221; add_button=&#8221;right&#8221; btn_title=&#8221;FA\u00c7A SEU OR\u00c7AMENTO&#8221; btn_style=&#8221;flat&#8221; btn_shape=&#8221;round&#8221; btn_color=&#8221;theme_style_2&#8243; btn_align=&#8221;right&#8221; btn_i_icon_fontawesome=&#8221;stm-delhi-chevron-right&#8221; use_custom_fonts_h2=&#8221;true&#8221; btn_button_block=&#8221;true&#8221; btn_add_icon=&#8221;true&#8221; btn_link=&#8221;url:http%3A%2F%2Fsesmadeiras.com.br%2Fcontato%2F|title:Contato||&#8221; el_class=&#8221;third_bg_color&#8221; css=&#8221;.vc_custom_1709751028786{margin-bottom: 0px !important;}&#8221;]<span style=\"color: #ffffff;\">Entre em contato com nosso canal de atendimento e tire suas d\u00favidas.<\/span>[\/vc_cta][\/vc_column][\/vc_row]<\/p>\n","protected":false},"excerpt":{"rendered":"<p>[vc_row full_width=&#8221;stretch_row&#8221; content_placement=&#8221;middle&#8221; css=&#8221;.vc_custom_1631897395338{padding-top: 70px !important;padding-bottom: 70px !important;}&#8221;][vc_column width=&#8221;1\/2&#8243;][vc_single_image image=&#8221;2141&#8243; img_size=&#8221;full&#8221; style=&#8221;vc_box_shadow&#8221; css_animation=&#8221;fadeInDownBig&#8221;][\/vc_column][vc_column width=&#8221;1\/2&#8243;][stm_spacing xs_spacing=&#8221;30px&#8221;][vc_custom_heading text=&#8221;Empresa de Portas de Madeira em Curitiba&#8221; font_container=&#8221;tag:h2|font_size:50px|text_align:left|line_height:54px&#8221; use_theme_fonts=&#8221;yes&#8221; el_class=&#8221;titulo&#8221; css=&#8221;.vc_custom_1698765037188{margin-top: 0px !important;padding-top: 0px !important;}&#8221;][vc_custom_heading icon_size=&#8221;67&#8243; stripe_pos=&#8221;hide&#8221; text=&#8221; A SES Madeiras prima pela precis\u00e3o no acabamento de todos os produtos &#8221; font_container=&#8221;tag:h3|font_size:25px|text_align:left|line_height:28px&#8221; use_theme_fonts=&#8221;yes&#8221; custom_icon=&#8221;stm-check&#8221; el_class=&#8221;subtitulo&#8221;][vc_column_text el_class=&#8221;texto&#8221;]A SES Madeiras acumula mais<\/p>\n","protected":false},"author":4,"featured_media":2141,"parent":0,"menu_order":0,"comment_status":"closed","ping_status":"closed","template":"","meta":{"footnotes":""},"_links":{"self":[{"href":"https:\/\/sesmadeiras.com.br\/index.php?rest_route=\/wp\/v2\/pages\/1602"}],"collection":[{"href":"https:\/\/sesmadeiras.com.br\/index.php?rest_route=\/wp\/v2\/pages"}],"about":[{"href":"https:\/\/sesmadeiras.com.br\/index.php?rest_route=\/wp\/v2\/types\/page"}],"author":[{"embeddable":true,"href":"https:\/\/sesmadeiras.com.br\/index.php?rest_route=\/wp\/v2\/users\/4"}],"replies":[{"embeddable":true,"href":"https:\/\/sesmadeiras.com.br\/index.php?rest_route=%2Fwp%2Fv2%2Fcomments&post=1602"}],"version-history":[{"count":80,"href":"https:\/\/sesmadeiras.com.br\/index.php?rest_route=\/wp\/v2\/pages\/1602\/revisions"}],"predecessor-version":[{"id":2607,"href":"https:\/\/sesmadeiras.com.br\/index.php?rest_route=\/wp\/v2\/pages\/1602\/revisions\/2607"}],"wp:featuredmedia":[{"embeddable":true,"href":"https:\/\/sesmadeiras.com.br\/index.php?rest_route=\/wp\/v2\/media\/2141"}],"wp:attachment":[{"href":"https:\/\/sesmadeiras.com.br\/index.php?rest_route=%2Fwp%2Fv2%2Fmedia&parent=1602"}],"curies":[{"name":"wp","href":"https:\/\/api.w.org\/{rel}","templated":true}]}}