{"id":2194,"date":"2021-09-17T14:41:10","date_gmt":"2021-09-17T17:41:10","guid":{"rendered":"http:\/\/sesmadeiras.com.br\/?page_id=2194"},"modified":"2024-03-06T11:45:45","modified_gmt":"2024-03-06T14:45:45","slug":"localizacao","status":"publish","type":"page","link":"https:\/\/sesmadeiras.com.br\/?page_id=2194","title":{"rendered":"Localiza\u00e7\u00e3o"},"content":{"rendered":"<p>[vc_row full_width=&#8221;stretch_row&#8221; css=&#8221;.vc_custom_1607014163358{padding-top: 70px !important;padding-bottom: 70px !important;}&#8221;][vc_column width=&#8221;1\/2&#8243;][vc_custom_heading text=&#8221;COMO CHEGAR&#8221; font_container=&#8221;tag:h3|font_size:48px|text_align:left|line_height:52px&#8221; use_theme_fonts=&#8221;yes&#8221; el_class=&#8221;titulo&#8221;][vc_column_text]<iframe loading=\"lazy\" style=\"border: 0;\" src=\"https:\/\/www.google.com\/maps\/embed?pb=!1m18!1m12!1m3!1d3600.429596239636!2d-49.1925396849838!3d-25.524063283745253!2m3!1f0!2f0!3f0!3m2!1i1024!2i768!4f13.1!3m3!1m2!1s0x94dcf0bcfa7bfc25%3A0x2c815d9179a3d56e!2sSchmidt%20e%20Schultz%20Madeiras!5e0!3m2!1spt-BR!2sbr!4v1631900445265!5m2!1spt-BR!2sbr\" width=\"100%\" height=\"350\" allowfullscreen=\"allowfullscreen\"><\/iframe>[\/vc_column_text][\/vc_column][vc_column width=&#8221;1\/2&#8243;][vc_custom_heading text=&#8221;MAIS INFORMA\u00c7\u00d5ES&#8221; font_container=&#8221;tag:h3|font_size:48px|text_align:left|line_height:52px&#8221; use_theme_fonts=&#8221;yes&#8221; el_class=&#8221;titulo&#8221;][vc_column_text el_class=&#8221;texto&#8221;]Somos refer\u00eancia local quando o assunto \u00e9<strong><a href=\"https:\/\/sesmadeiras.com.br\/\"> Produtos de Madeira em Curitiba<\/a>,<\/strong> fidelizando in\u00fameros clientes, com atendimento personalizado, <a href=\"https:\/\/web.whatsapp.com\/send?l=pt_br&amp;phone=5541999712506&amp;text=\" target=\"_blank\" rel=\"noopener\">entrega r\u00e1pida<\/a> e produtos de alt\u00edssima qualidade.[\/vc_column_text][vc_raw_html]JTNDdWwlMjBjbGFzcyUzRCUyMmluZm9ybWFjb2VzJTIyJTNFJTBBJTA5JTNDbGklM0UlMEElMDklMDklM0NkaXYlMjBjbGFzcyUzRCUyMmVzcXVlcmRhJTIyJTNFJTNDaSUyMGNsYXNzJTNEJTIyZmElMjBmYS1tYXAtbWFya2VyJTIyJTNFJTNDJTJGaSUzRSUzQyUyRmRpdiUzRSUwQSUwOSUwOSUzQ2RpdiUzRSUyMFIuJTIwTWFyYW5oJUMzJUEzbyUyQyUyMDU1NSUyMCVFMiU4MCU5MyUyMCVDMyU4MWd1YXMlMjBCZWxhcyUyMCUwQSUwOSUwOSUyMCUzQ2JyJTNFJTIwUyVDMyVBM28lMjBKb3MlQzMlQTklMjBkb3MlMjBQaW5oYWlzJTIwJUUyJTgwJTkzJTIwUFIlM0NiciUyRiUzRSUwQSUwOSUzQyUyRmRpdiUzRSUwQSUwOSUzQyUyRmxpJTNFJTBBJTA5JTNDbGklM0UlMEElMDklMDklM0NkaXYlMjBjbGFzcyUzRCUyMmVzcXVlcmRhJTIyJTNFJTNDaSUyMGNsYXNzJTNEJTIyZmElMjBmYS1lbnZlbG9wZSUyMiUzRSUzQyUyRmklM0UlM0MlMkZkaXYlM0UlMEElMDklMDklM0NkaXYlM0UlM0NhJTIwaHJlZiUzRCUyMm1haWx0byUzQXNlc21hZGVpcmFzJTQwc2VzbWFkZWlyYXMuY29tLmJyJTIyJTNFc2VzbWFkZWlyYXMlNDBzZXNtYWRlaXJhcy5jb20uYnIlM0MlMkZhJTNFJTNDJTJGZGl2JTNFJTBBJTA5JTNDJTJGbGklM0UlMEElMjAlMjAlMjAlMjAlM0NsaSUzRSUwQSUwOSUwOSUzQ2RpdiUyMGNsYXNzJTNEJTIyZXNxdWVyZGElMjIlM0UlM0NpJTIwY2xhc3MlM0QlMjJmYSUyMGZhLXBob25lJTIyJTNFJTNDJTJGaSUzRSUzQyUyRmRpdiUzRSUwQSUwOSUwOSUzQ2RpdiUzRSUzQ2ElMjBocmVmJTNEJTIydGVsJTNBMDQxMzI4MzYzNjQlMjIlM0UlMjg0MSUyOSUyMCUzQ3N0cm9uZyUyMHN0eWxlJTNEJTIyZm9udC1zaXplJTNBJTIwMjBweCUzQiUyMiUzRSUyMDMyODMtNjM2NCUzQyUyRnN0cm9uZyUzRSUzQyUyRmElM0UlM0MlMkZkaXYlM0UlMEElMDklM0MlMkZsaSUzRSUwQSUyMCUyMCUyMCUyMCUzQ2xpJTIwY2xhc3MlM0QlMjJhcGFyZWNlciUyMiUzRSUwQSUwOSUwOSUzQ2RpdiUyMGNsYXNzJTNEJTIyZXNxdWVyZGElMjIlM0UlM0NpJTIwY2xhc3MlM0QlMjJmYSUyMGZhLXdoYXRzYXBwJTIyJTNFJTNDJTJGaSUzRSUzQyUyRmRpdiUzRSUwQSUwOSUwOSUzQ2RpdiUzRSUzQ2ElMjBocmVmJTNEJTIyaHR0cHMlM0ElMkYlMkZhcGkud2hhdHNhcHAuY29tJTJGc2VuZCUzRnBob25lJTNENTU0MTk5OTcyODA1NiUyMiUzRSUyODQxJTI5JTNDc3Ryb25nJTIwc3R5bGUlM0QlMjJmb250LXNpemUlM0ElMjAyMHB4JTNCJTIyJTNFJTIwOTk5NzItODA1NiUzQyUyRnN0cm9uZyUzRSUzQyUyRmElM0UlM0NiciUzRSUzQyUyRmRpdiUzRSUwQSUwOSUzQyUyRmxpJTNFJTBBJTA5JTNDbGklMjBjbGFzcyUzRCUyMm9jdWx0YXIlMjIlM0UlMEElMDklMDklM0NkaXYlMjBjbGFzcyUzRCUyMmVzcXVlcmRhJTIyJTNFJTNDaSUyMGNsYXNzJTNEJTIyZmElMjBmYS13aGF0c2FwcCUyMiUzRSUzQyUyRmklM0UlM0MlMkZkaXYlM0UlMEElMDklMDklM0NkaXYlM0UlM0NhJTIwaHJlZiUzRCUyMmh0dHBzJTNBJTJGJTJGd2ViLndoYXRzYXBwLmNvbSUyRnNlbmQlM0ZwaG9uZSUzRDU1NDE5OTk3MjgwNTYlMjIlM0UlMjg0MSUyOSUzQ3N0cm9uZyUyMHN0eWxlJTNEJTIyZm9udC1zaXplJTNBJTIwMjBweCUzQiUyMiUzRSUyMDk5OTcyLTgwNTYlM0MlMkZzdHJvbmclM0UlM0MlMkZhJTNFJTNDYnIlM0UlM0MlMkZkaXYlM0UlMEElMDklM0MlMkZsaSUzRSUwQSUyMCUyMCUyMCUyMCUzQ2xpJTIwY2xhc3MlM0QlMjJhcGFyZWNlciUyMiUzRSUwQSUwOSUwOSUzQ2RpdiUyMGNsYXNzJTNEJTIyZXNxdWVyZGElMjIlM0UlM0NpJTIwY2xhc3MlM0QlMjJmYSUyMGZhLXdoYXRzYXBwJTIyJTNFJTNDJTJGaSUzRSUzQyUyRmRpdiUzRSUwQSUwOSUwOSUzQ2RpdiUzRSUzQ2ElMjBocmVmJTNEJTIyaHR0cHMlM0ElMkYlMkZhcGkud2hhdHNhcHAuY29tJTJGc2VuZCUzRnBob25lJTNENTU0MTk5OTcxMjUwNiUyMiUzRSUyODQxJTI5JTNDc3Ryb25nJTIwc3R5bGUlM0QlMjJmb250LXNpemUlM0ElMjAyMHB4JTNCJTIyJTNFJTIwOTk5NzEtMjUwNiUzQyUyRnN0cm9uZyUzRSUzQyUyRmElM0UlM0NiciUzRSUzQyUyRmRpdiUzRSUwQSUwOSUzQyUyRmxpJTNFJTBBJTA5JTNDbGklMjBjbGFzcyUzRCUyMm9jdWx0YXIlMjIlM0UlMEElMDklMDklM0NkaXYlMjBjbGFzcyUzRCUyMmVzcXVlcmRhJTIyJTNFJTNDaSUyMGNsYXNzJTNEJTIyZmElMjBmYS13aGF0c2FwcCUyMiUzRSUzQyUyRmklM0UlM0MlMkZkaXYlM0UlMEElMDklMDklM0NkaXYlM0UlM0NhJTIwaHJlZiUzRCUyMmh0dHBzJTNBJTJGJTJGd2ViLndoYXRzYXBwLmNvbSUyRnNlbmQlM0ZwaG9uZSUzRDU1NDE5OTk3MTI1MDYlMjIlM0UlMjg0MSUyOSUzQ3N0cm9uZyUyMHN0eWxlJTNEJTIyZm9udC1zaXplJTNBJTIwMjBweCUzQiUyMiUzRSUyMDk5OTcxLTI1MDYlM0MlMkZzdHJvbmclM0UlM0MlMkZhJTNFJTNDYnIlM0UlM0MlMkZkaXYlM0UlMEElMDklM0MlMkZsaSUzRSUwQSUzQyUyRnVsJTNF[\/vc_raw_html][\/vc_column][\/vc_row]<\/p>\n","protected":false},"excerpt":{"rendered":"<p>[vc_row full_width=&#8221;stretch_row&#8221; css=&#8221;.vc_custom_1607014163358{padding-top: 70px !important;padding-bottom: 70px !important;}&#8221;][vc_column width=&#8221;1\/2&#8243;][vc_custom_heading text=&#8221;COMO CHEGAR&#8221; font_container=&#8221;tag:h3|font_size:48px|text_align:left|line_height:52px&#8221; use_theme_fonts=&#8221;yes&#8221; el_class=&#8221;titulo&#8221;][vc_column_text][\/vc_column_text][\/vc_column][vc_column width=&#8221;1\/2&#8243;][vc_custom_heading text=&#8221;MAIS INFORMA\u00c7\u00d5ES&#8221; font_container=&#8221;tag:h3|font_size:48px|text_align:left|line_height:52px&#8221; use_theme_fonts=&#8221;yes&#8221; el_class=&#8221;titulo&#8221;][vc_column_text el_class=&#8221;texto&#8221;]Somos refer\u00eancia local quando o assunto \u00e9 Produtos de Madeira em Curitiba, fidelizando in\u00fameros clientes, com atendimento personalizado, entrega r\u00e1pida e produtos de alt\u00edssima qualidade.[\/vc_column_text][vc_raw_html]JTNDdWwlMjBjbGFzcyUzRCUyMmluZm9ybWFjb2VzJTIyJTNFJTBBJTA5JTNDbGklM0UlMEElMDklMDklM0NkaXYlMjBjbGFzcyUzRCUyMmVzcXVlcmRhJTIyJTNFJTNDaSUyMGNsYXNzJTNEJTIyZmElMjBmYS1tYXAtbWFya2VyJTIyJTNFJTNDJTJGaSUzRSUzQyUyRmRpdiUzRSUwQSUwOSUwOSUzQ2RpdiUzRSUyMFIuJTIwTWFyYW5oJUMzJUEzbyUyQyUyMDU1NSUyMCVFMiU4MCU5MyUyMCVDMyU4MWd1YXMlMjBCZWxhcyUyMCUwQSUwOSUwOSUyMCUzQ2JyJTNFJTIwUyVDMyVBM28lMjBKb3MlQzMlQTklMjBkb3MlMjBQaW5oYWlzJTIwJUUyJTgwJTkzJTIwUFIlM0NiciUyRiUzRSUwQSUwOSUzQyUyRmRpdiUzRSUwQSUwOSUzQyUyRmxpJTNFJTBBJTA5JTNDbGklM0UlMEElMDklMDklM0NkaXYlMjBjbGFzcyUzRCUyMmVzcXVlcmRhJTIyJTNFJTNDaSUyMGNsYXNzJTNEJTIyZmElMjBmYS1lbnZlbG9wZSUyMiUzRSUzQyUyRmklM0UlM0MlMkZkaXYlM0UlMEElMDklMDklM0NkaXYlM0UlM0NhJTIwaHJlZiUzRCUyMm1haWx0byUzQXNlc21hZGVpcmFzJTQwc2VzbWFkZWlyYXMuY29tLmJyJTIyJTNFc2VzbWFkZWlyYXMlNDBzZXNtYWRlaXJhcy5jb20uYnIlM0MlMkZhJTNFJTNDJTJGZGl2JTNFJTBBJTA5JTNDJTJGbGklM0UlMEElMjAlMjAlMjAlMjAlM0NsaSUzRSUwQSUwOSUwOSUzQ2RpdiUyMGNsYXNzJTNEJTIyZXNxdWVyZGElMjIlM0UlM0NpJTIwY2xhc3MlM0QlMjJmYSUyMGZhLXBob25lJTIyJTNFJTNDJTJGaSUzRSUzQyUyRmRpdiUzRSUwQSUwOSUwOSUzQ2RpdiUzRSUzQ2ElMjBocmVmJTNEJTIydGVsJTNBMDQxMzI4MzYzNjQlMjIlM0UlMjg0MSUyOSUyMCUzQ3N0cm9uZyUyMHN0eWxlJTNEJTIyZm9udC1zaXplJTNBJTIwMjBweCUzQiUyMiUzRSUyMDMyODMtNjM2NCUzQyUyRnN0cm9uZyUzRSUzQyUyRmElM0UlM0MlMkZkaXYlM0UlMEElMDklM0MlMkZsaSUzRSUwQSUyMCUyMCUyMCUyMCUzQ2xpJTIwY2xhc3MlM0QlMjJhcGFyZWNlciUyMiUzRSUwQSUwOSUwOSUzQ2RpdiUyMGNsYXNzJTNEJTIyZXNxdWVyZGElMjIlM0UlM0NpJTIwY2xhc3MlM0QlMjJmYSUyMGZhLXdoYXRzYXBwJTIyJTNFJTNDJTJGaSUzRSUzQyUyRmRpdiUzRSUwQSUwOSUwOSUzQ2RpdiUzRSUzQ2ElMjBocmVmJTNEJTIyaHR0cHMlM0ElMkYlMkZhcGkud2hhdHNhcHAuY29tJTJGc2VuZCUzRnBob25lJTNENTU0MTk5OTcyODA1NiUyMiUzRSUyODQxJTI5JTNDc3Ryb25nJTIwc3R5bGUlM0QlMjJmb250LXNpemUlM0ElMjAyMHB4JTNCJTIyJTNFJTIwOTk5NzItODA1NiUzQyUyRnN0cm9uZyUzRSUzQyUyRmElM0UlM0NiciUzRSUzQyUyRmRpdiUzRSUwQSUwOSUzQyUyRmxpJTNFJTBBJTA5JTNDbGklMjBjbGFzcyUzRCUyMm9jdWx0YXIlMjIlM0UlMEElMDklMDklM0NkaXYlMjBjbGFzcyUzRCUyMmVzcXVlcmRhJTIyJTNFJTNDaSUyMGNsYXNzJTNEJTIyZmElMjBmYS13aGF0c2FwcCUyMiUzRSUzQyUyRmklM0UlM0MlMkZkaXYlM0UlMEElMDklMDklM0NkaXYlM0UlM0NhJTIwaHJlZiUzRCUyMmh0dHBzJTNBJTJGJTJGd2ViLndoYXRzYXBwLmNvbSUyRnNlbmQlM0ZwaG9uZSUzRDU1NDE5OTk3MjgwNTYlMjIlM0UlMjg0MSUyOSUzQ3N0cm9uZyUyMHN0eWxlJTNEJTIyZm9udC1zaXplJTNBJTIwMjBweCUzQiUyMiUzRSUyMDk5OTcyLTgwNTYlM0MlMkZzdHJvbmclM0UlM0MlMkZhJTNFJTNDYnIlM0UlM0MlMkZkaXYlM0UlMEElMDklM0MlMkZsaSUzRSUwQSUyMCUyMCUyMCUyMCUzQ2xpJTIwY2xhc3MlM0QlMjJhcGFyZWNlciUyMiUzRSUwQSUwOSUwOSUzQ2RpdiUyMGNsYXNzJTNEJTIyZXNxdWVyZGElMjIlM0UlM0NpJTIwY2xhc3MlM0QlMjJmYSUyMGZhLXdoYXRzYXBwJTIyJTNFJTNDJTJGaSUzRSUzQyUyRmRpdiUzRSUwQSUwOSUwOSUzQ2RpdiUzRSUzQ2ElMjBocmVmJTNEJTIyaHR0cHMlM0ElMkYlMkZhcGkud2hhdHNhcHAuY29tJTJGc2VuZCUzRnBob25lJTNENTU0MTk5OTcxMjUwNiUyMiUzRSUyODQxJTI5JTNDc3Ryb25nJTIwc3R5bGUlM0QlMjJmb250LXNpemUlM0ElMjAyMHB4JTNCJTIyJTNFJTIwOTk5NzEtMjUwNiUzQyUyRnN0cm9uZyUzRSUzQyUyRmElM0UlM0NiciUzRSUzQyUyRmRpdiUzRSUwQSUwOSUzQyUyRmxpJTNFJTBBJTA5JTNDbGklMjBjbGFzcyUzRCUyMm9jdWx0YXIlMjIlM0UlMEElMDklMDklM0NkaXYlMjBjbGFzcyUzRCUyMmVzcXVlcmRhJTIyJTNFJTNDaSUyMGNsYXNzJTNEJTIyZmElMjBmYS13aGF0c2FwcCUyMiUzRSUzQyUyRmklM0UlM0MlMkZkaXYlM0UlMEElMDklMDklM0NkaXYlM0UlM0NhJTIwaHJlZiUzRCUyMmh0dHBzJTNBJTJGJTJGd2ViLndoYXRzYXBwLmNvbSUyRnNlbmQlM0ZwaG9uZSUzRDU1NDE5OTk3MTI1MDYlMjIlM0UlMjg0MSUyOSUzQ3N0cm9uZyUyMHN0eWxlJTNEJTIyZm9udC1zaXplJTNBJTIwMjBweCUzQiUyMiUzRSUyMDk5OTcxLTI1MDYlM0MlMkZzdHJvbmclM0UlM0MlMkZhJTNFJTNDYnIlM0UlM0MlMkZkaXYlM0UlMEElMDklM0MlMkZsaSUzRSUwQSUzQyUyRnVsJTNF[\/vc_raw_html][\/vc_column][\/vc_row]<\/p>\n","protected":false},"author":4,"featured_media":2208,"parent":0,"menu_order":0,"comment_status":"closed","ping_status":"closed","template":"","meta":{"footnotes":""},"_links":{"self":[{"href":"https:\/\/sesmadeiras.com.br\/index.php?rest_route=\/wp\/v2\/pages\/2194"}],"collection":[{"href":"https:\/\/sesmadeiras.com.br\/index.php?rest_route=\/wp\/v2\/pages"}],"about":[{"href":"https:\/\/sesmadeiras.com.br\/index.php?rest_route=\/wp\/v2\/types\/page"}],"author":[{"embeddable":true,"href":"https:\/\/sesmadeiras.com.br\/index.php?rest_route=\/wp\/v2\/users\/4"}],"replies":[{"embeddable":true,"href":"https:\/\/sesmadeiras.com.br\/index.php?rest_route=%2Fwp%2Fv2%2Fcomments&post=2194"}],"version-history":[{"count":4,"href":"https:\/\/sesmadeiras.com.br\/index.php?rest_route=\/wp\/v2\/pages\/2194\/revisions"}],"predecessor-version":[{"id":2546,"href":"https:\/\/sesmadeiras.com.br\/index.php?rest_route=\/wp\/v2\/pages\/2194\/revisions\/2546"}],"wp:featuredmedia":[{"embeddable":true,"href":"https:\/\/sesmadeiras.com.br\/index.php?rest_route=\/wp\/v2\/media\/2208"}],"wp:attachment":[{"href":"https:\/\/sesmadeiras.com.br\/index.php?rest_route=%2Fwp%2Fv2%2Fmedia&parent=2194"}],"curies":[{"name":"wp","href":"https:\/\/api.w.org\/{rel}","templated":true}]}}