{"id":2456,"date":"2023-09-21T13:50:37","date_gmt":"2023-09-21T16:50:37","guid":{"rendered":"https:\/\/sesmadeiras.com.br\/?post_type=product&#038;p=2456"},"modified":"2023-09-21T13:56:45","modified_gmt":"2023-09-21T16:56:45","slug":"deck-de-madeira-macica","status":"publish","type":"product","link":"https:\/\/sesmadeiras.com.br\/?product=deck-de-madeira-macica","title":{"rendered":"Deck de Madeira Maci\u00e7a"},"content":{"rendered":"<p><strong>MADEIRAS PARA DECK<\/strong><\/p>\n<p>Cada tipo de madeira possui uma composi\u00e7\u00e3o pr\u00f3pria o que a torna mais adequada a determinados usos. Ao fazer sua escolha, al\u00e9m do aspecto est\u00e9tico informe-se se a madeira \u00e9 indicada para a aplica\u00e7\u00e3o que voc\u00ea deseja.<\/p>\n<p><img loading=\"lazy\" decoding=\"async\" class=\"alignnone wp-image-2232 size-full\" src=\"http:\/\/sesmadeiras.com.br\/wp-content\/uploads\/2021\/09\/peroba-mica-em-curitiba.jpg\" alt=\"\" width=\"400\" height=\"202\" srcset=\"https:\/\/sesmadeiras.com.br\/wp-content\/uploads\/2021\/09\/peroba-mica-em-curitiba.jpg 400w, https:\/\/sesmadeiras.com.br\/wp-content\/uploads\/2021\/09\/peroba-mica-em-curitiba-300x152.jpg 300w\" sizes=\"(max-width: 400px) 100vw, 400px\" \/><\/p>\n<p><strong>PEROBA MICA<\/strong><\/p>\n<p>Peroba mica, mais conhecida tamb\u00e9m como Muiraju\u00e7ara, Guatambu-do-cerrado, tem a textura fina em cor Vermelho rosado a amarelo queimado, e \u00e9 indicada para constru\u00e7\u00e3o de barcos e navios, carpintaria e mobili\u00e1rio, acabamento e ornamenta\u00e7\u00e3o de interiores, moinhos, torneamento, l\u00e2minas e contraplacados.<\/p>\n<p><img loading=\"lazy\" decoding=\"async\" class=\"alignnone wp-image-2233 size-full\" src=\"http:\/\/sesmadeiras.com.br\/wp-content\/uploads\/2021\/09\/cumaru-em-curitiba.jpg\" alt=\"\" width=\"400\" height=\"202\" srcset=\"https:\/\/sesmadeiras.com.br\/wp-content\/uploads\/2021\/09\/cumaru-em-curitiba.jpg 400w, https:\/\/sesmadeiras.com.br\/wp-content\/uploads\/2021\/09\/cumaru-em-curitiba-300x152.jpg 300w\" sizes=\"(max-width: 400px) 100vw, 400px\" \/><\/p>\n<p><strong>CUMARU<\/strong><\/p>\n<p>Madeira de cerne marrom-amarelado, textura m\u00e9dia a fina, brilho ausente e cheiro impercept\u00edvel. De dif\u00edcil processamento mec\u00e2nico, por\u00e9m permite excelente acabamento ap\u00f3s beneficiado. Resistente a fungos, insetos e brocas marinhas, com durabilidade superior a 20 anos.<\/p>\n<p><img loading=\"lazy\" decoding=\"async\" class=\"alignnone wp-image-2234 size-full\" src=\"http:\/\/sesmadeiras.com.br\/wp-content\/uploads\/2021\/09\/itauba-em-curitiba.jpg\" alt=\"\" width=\"400\" height=\"202\" srcset=\"https:\/\/sesmadeiras.com.br\/wp-content\/uploads\/2021\/09\/itauba-em-curitiba.jpg 400w, https:\/\/sesmadeiras.com.br\/wp-content\/uploads\/2021\/09\/itauba-em-curitiba-300x152.jpg 300w\" sizes=\"(max-width: 400px) 100vw, 400px\" \/><\/p>\n<p><strong>ITA\u00daBA<\/strong><\/p>\n<p>Madeira de cerne marrom-amarelado a marrom, n\u00e3o apresenta desenho, textura m\u00e9dia e pouco brilho. A madeira de ita\u00faba \u00e9 classificada como moderadamente dif\u00edcil de ser trabalhada, tanto com ferramentas manuais quanto mec\u00e2nicas, mas apresenta bom acabamento em todas as faces. Extremamente resistente a impregna\u00e7\u00e3o, sendo nula a penetra\u00e7\u00e3o e reten\u00e7\u00e3o.<\/p>\n<p><img loading=\"lazy\" decoding=\"async\" class=\"alignnone wp-image-2235 size-full\" src=\"http:\/\/sesmadeiras.com.br\/wp-content\/uploads\/2021\/09\/ipe-em-curitiba.jpg\" alt=\"\" width=\"400\" height=\"202\" srcset=\"https:\/\/sesmadeiras.com.br\/wp-content\/uploads\/2021\/09\/ipe-em-curitiba.jpg 400w, https:\/\/sesmadeiras.com.br\/wp-content\/uploads\/2021\/09\/ipe-em-curitiba-300x152.jpg 300w\" sizes=\"(max-width: 400px) 100vw, 400px\" \/><\/p>\n<p><strong>IP\u00ca<\/strong><\/p>\n<p>Madeira de cerne marrom a marrom-rosado, textura fina, brilho moderado e cheiro impercept\u00edvel. De f\u00e1cil processamento mec\u00e2nico e excelente acabamento. Resistente a podrid\u00e3o branca e parda.<\/p>\n","protected":false},"excerpt":{"rendered":"<p>Projetado para aperfei\u00e7oar o seu espa\u00e7o ao ar livre, o Deck de Madeira Maci\u00e7a de Cumaru montado com Clips Ocultos combina eleg\u00e2ncia atemporal com durabilidade excepcional. Esta obra-prima da carpintaria natural oferece uma s\u00e9rie de vantagens que o tornam a escolha ideal para transformar o seu p\u00e1tio, varanda ou \u00e1rea de piscina em um ref\u00fagio luxuoso.<\/p>\n","protected":false},"featured_media":2464,"template":"","meta":[],"product_cat":[119],"product_tag":[],"_links":{"self":[{"href":"https:\/\/sesmadeiras.com.br\/index.php?rest_route=\/wp\/v2\/product\/2456"}],"collection":[{"href":"https:\/\/sesmadeiras.com.br\/index.php?rest_route=\/wp\/v2\/product"}],"about":[{"href":"https:\/\/sesmadeiras.com.br\/index.php?rest_route=\/wp\/v2\/types\/product"}],"wp:featuredmedia":[{"embeddable":true,"href":"https:\/\/sesmadeiras.com.br\/index.php?rest_route=\/wp\/v2\/media\/2464"}],"wp:attachment":[{"href":"https:\/\/sesmadeiras.com.br\/index.php?rest_route=%2Fwp%2Fv2%2Fmedia&parent=2456"}],"wp:term":[{"taxonomy":"product_cat","embeddable":true,"href":"https:\/\/sesmadeiras.com.br\/index.php?rest_route=%2Fwp%2Fv2%2Fproduct_cat&post=2456"},{"taxonomy":"product_tag","embeddable":true,"href":"https:\/\/sesmadeiras.com.br\/index.php?rest_route=%2Fwp%2Fv2%2Fproduct_tag&post=2456"}],"curies":[{"name":"wp","href":"https:\/\/api.w.org\/{rel}","templated":true}]}}